{"id":227,"date":"2021-11-29T21:04:21","date_gmt":"2021-11-29T21:04:21","guid":{"rendered":"https:\/\/legalia-ks.com\/?page_id=227"},"modified":"2021-12-14T13:59:18","modified_gmt":"2021-12-14T13:59:18","slug":"ceshtjet-e-migracionit","status":"publish","type":"page","link":"https:\/\/legalia-ks.com\/en\/ceshtjet-e-migracionit\/","title":{"rendered":"C\u00ebshtjet e Migracioni"},"content":{"rendered":"<div data-elementor-type=\"wp-page\" data-elementor-id=\"227\" class=\"elementor elementor-227\">\n\t\t\t\t\t\t\t\t\t<section class=\"elementor-section elementor-top-section elementor-element elementor-element-1a092dd6 elementor-section-boxed elementor-section-height-default elementor-section-height-default\" data-id=\"1a092dd6\" data-element_type=\"section\" data-settings=\"{&quot;background_background&quot;:&quot;classic&quot;}\">\n\t\t\t\t\t\t<div class=\"elementor-container elementor-column-gap-default\">\n\t\t\t\t\t<div class=\"elementor-column elementor-col-100 elementor-top-column elementor-element elementor-element-6c59430b\" data-id=\"6c59430b\" data-element_type=\"column\">\n\t\t\t<div class=\"elementor-widget-wrap elementor-element-populated\">\n\t\t\t\t\t\t\t\t<section class=\"elementor-section elementor-inner-section elementor-element elementor-element-4a6625bd elementor-section-boxed elementor-section-height-default elementor-section-height-default\" data-id=\"4a6625bd\" data-element_type=\"section\">\n\t\t\t\t\t\t<div class=\"elementor-container elementor-column-gap-default\">\n\t\t\t\t\t<div class=\"elementor-column elementor-col-50 elementor-inner-column elementor-element elementor-element-1534edcb\" data-id=\"1534edcb\" data-element_type=\"column\">\n\t\t\t<div class=\"elementor-widget-wrap elementor-element-populated\">\n\t\t\t\t\t\t\t\t<div class=\"elementor-element elementor-element-12100681 animated-slow elementor-invisible elementor-widget elementor-widget-image\" data-id=\"12100681\" data-element_type=\"widget\" data-settings=\"{&quot;_animation&quot;:&quot;zoomIn&quot;}\" data-widget_type=\"image.default\">\n\t\t\t\t<div class=\"elementor-widget-container\">\n\t\t\t<style>\/*! elementor - v3.15.0 - 20-08-2023 *\/\n.elementor-widget-image{text-align:center}.elementor-widget-image a{display:inline-block}.elementor-widget-image a img[src$=\".svg\"]{width:48px}.elementor-widget-image img{vertical-align:middle;display:inline-block}<\/style>\t\t\t\t\t\t\t\t\t\t\t\t<img loading=\"lazy\" decoding=\"async\" width=\"800\" height=\"534\" src=\"https:\/\/legalia-ks.com\/wp-content\/uploads\/2021\/12\/migracioni-1024x683.jpg\" class=\"attachment-large size-large wp-image-448\" alt=\"\" srcset=\"https:\/\/legalia-ks.com\/wp-content\/uploads\/2021\/12\/migracioni-1024x683.jpg 1024w, https:\/\/legalia-ks.com\/wp-content\/uploads\/2021\/12\/migracioni-300x200.jpg 300w, https:\/\/legalia-ks.com\/wp-content\/uploads\/2021\/12\/migracioni-768x512.jpg 768w, https:\/\/legalia-ks.com\/wp-content\/uploads\/2021\/12\/migracioni.jpg 1254w\" sizes=\"auto, (max-width: 800px) 100vw, 800px\" \/>\t\t\t\t\t\t\t\t\t\t\t\t\t\t\t<\/div>\n\t\t\t\t<\/div>\n\t\t\t\t\t<\/div>\n\t\t<\/div>\n\t\t\t\t<div class=\"elementor-column elementor-col-50 elementor-inner-column elementor-element elementor-element-5ffeb2e7\" data-id=\"5ffeb2e7\" data-element_type=\"column\">\n\t\t\t<div class=\"elementor-widget-wrap elementor-element-populated\">\n\t\t\t\t\t\t\t\t<div class=\"elementor-element elementor-element-4ad91d76 animated-slow elementor-invisible elementor-widget elementor-widget-heading\" data-id=\"4ad91d76\" data-element_type=\"widget\" data-settings=\"{&quot;_animation&quot;:&quot;fadeIn&quot;}\" data-widget_type=\"heading.default\">\n\t\t\t\t<div class=\"elementor-widget-container\">\n\t\t\t<style>\/*! elementor - v3.15.0 - 20-08-2023 *\/\n.elementor-heading-title{padding:0;margin:0;line-height:1}.elementor-widget-heading .elementor-heading-title[class*=elementor-size-]>a{color:inherit;font-size:inherit;line-height:inherit}.elementor-widget-heading .elementor-heading-title.elementor-size-small{font-size:15px}.elementor-widget-heading .elementor-heading-title.elementor-size-medium{font-size:19px}.elementor-widget-heading .elementor-heading-title.elementor-size-large{font-size:29px}.elementor-widget-heading .elementor-heading-title.elementor-size-xl{font-size:39px}.elementor-widget-heading .elementor-heading-title.elementor-size-xxl{font-size:59px}<\/style><h1 class=\"elementor-heading-title elementor-size-default\">Migration Issues<\/h1>\t\t<\/div>\n\t\t\t\t<\/div>\n\t\t\t\t<div class=\"elementor-element elementor-element-af09a23 elementor-invisible elementor-widget elementor-widget-text-editor\" data-id=\"af09a23\" data-element_type=\"widget\" data-settings=\"{&quot;_animation&quot;:&quot;fadeIn&quot;}\" data-widget_type=\"text-editor.default\">\n\t\t\t\t<div class=\"elementor-widget-container\">\n\t\t\t<style>\/*! elementor - v3.15.0 - 20-08-2023 *\/\n.elementor-widget-text-editor.elementor-drop-cap-view-stacked .elementor-drop-cap{background-color:#69727d;color:#fff}.elementor-widget-text-editor.elementor-drop-cap-view-framed .elementor-drop-cap{color:#69727d;border:3px solid;background-color:transparent}.elementor-widget-text-editor:not(.elementor-drop-cap-view-default) .elementor-drop-cap{margin-top:8px}.elementor-widget-text-editor:not(.elementor-drop-cap-view-default) .elementor-drop-cap-letter{width:1em;height:1em}.elementor-widget-text-editor .elementor-drop-cap{float:left;text-align:center;line-height:1;font-size:50px}.elementor-widget-text-editor .elementor-drop-cap-letter{display:inline-block}<\/style>\t\t\t\t<p>Migration plays a key role in a world of increasing global mobility. The ability to move through third countries is of paramount importance to individuals, families and businesses. We understand that the decision to relocate, whether for families or businesses, is never easy and that the relocation process can be challenging. \u201cLegalia\u201d Law Office \u201d works closely with our clients, its family(main) offices, our colleagues and a lot of counselors outside the Republic of Kosovo, in different jurisdictions to understand the needs and circumstances of our clients.<\/p><p>Part of our businesses and citizens live and work outside the Republic of Kosovo, so we offer practical and coordinated solutions to immigration issues which take into account a wide range of requirements with special emphasis on our compatriots, such as arranging documentation and citizenship for citizens with two or more citizenships, representation in cases when our clients encounter conflicts of laws between the legislation of the two countries, tax planning, cases of visa refusal, etc.<\/p><div>\u00a0<\/div>\t\t\t\t\t\t<\/div>\n\t\t\t\t<\/div>\n\t\t\t\t\t<\/div>\n\t\t<\/div>\n\t\t\t\t\t\t\t<\/div>\n\t\t<\/section>\n\t\t\t\t\t<\/div>\n\t\t<\/div>\n\t\t\t\t\t\t\t<\/div>\n\t\t<\/section>\n\t\t\t\t\t\t\t<\/div>","protected":false},"excerpt":{"rendered":"<p>\u00c7\u00ebshtjet e Migracionit Migracioni luan nj\u00eb rol ky\u00e7 n\u00eb nj\u00eb bot\u00eb t\u00eb rritjes s\u00eb l\u00ebvizshm\u00ebris\u00eb globale. Aft\u00ebsia p\u00ebr t\u00eb l\u00ebvizur n\u00ebp\u00ebr vende t\u00eb treta \u00ebsht\u00eb me r\u00ebnd\u00ebsi t\u00eb madhe p\u00ebr individ\u00ebt, familjet dhe bizneset. Ne e kuptojm\u00eb se vendimi p\u00ebr t\u2019u zhvendosur, qoft\u00eb p\u00ebr familjet apo bizneset, kurr\u00eb nuk merret leht\u00eb dhe se procesi i [&hellip;]<\/p>","protected":false},"author":1,"featured_media":0,"parent":0,"menu_order":0,"comment_status":"closed","ping_status":"closed","template":"elementor_header_footer","meta":{"footnotes":""},"class_list":["post-227","page","type-page","status-publish","hentry"],"_links":{"self":[{"href":"https:\/\/legalia-ks.com\/en\/wp-json\/wp\/v2\/pages\/227","targetHints":{"allow":["GET"]}}],"collection":[{"href":"https:\/\/legalia-ks.com\/en\/wp-json\/wp\/v2\/pages"}],"about":[{"href":"https:\/\/legalia-ks.com\/en\/wp-json\/wp\/v2\/types\/page"}],"author":[{"embeddable":true,"href":"https:\/\/legalia-ks.com\/en\/wp-json\/wp\/v2\/users\/1"}],"replies":[{"embeddable":true,"href":"https:\/\/legalia-ks.com\/en\/wp-json\/wp\/v2\/comments?post=227"}],"version-history":[{"count":17,"href":"https:\/\/legalia-ks.com\/en\/wp-json\/wp\/v2\/pages\/227\/revisions"}],"predecessor-version":[{"id":985,"href":"https:\/\/legalia-ks.com\/en\/wp-json\/wp\/v2\/pages\/227\/revisions\/985"}],"wp:attachment":[{"href":"https:\/\/legalia-ks.com\/en\/wp-json\/wp\/v2\/media?parent=227"}],"curies":[{"name":"wp","href":"https:\/\/api.w.org\/{rel}","templated":true}]}}