{"id":215,"date":"2021-11-29T20:59:38","date_gmt":"2021-11-29T20:59:38","guid":{"rendered":"https:\/\/legalia-ks.com\/?page_id=215"},"modified":"2021-12-14T13:46:42","modified_gmt":"2021-12-14T13:46:42","slug":"tatimet-dhe-doganat","status":"publish","type":"page","link":"https:\/\/legalia-ks.com\/en\/tatimet-dhe-doganat\/","title":{"rendered":"Taxes and Customs"},"content":{"rendered":"<div data-elementor-type=\"wp-page\" data-elementor-id=\"215\" class=\"elementor elementor-215\">\n\t\t\t\t\t\t\t\t\t<section class=\"elementor-section elementor-top-section elementor-element elementor-element-2f409196 elementor-section-boxed elementor-section-height-default elementor-section-height-default\" data-id=\"2f409196\" data-element_type=\"section\" data-settings=\"{&quot;background_background&quot;:&quot;classic&quot;}\">\n\t\t\t\t\t\t<div class=\"elementor-container elementor-column-gap-default\">\n\t\t\t\t\t<div class=\"elementor-column elementor-col-100 elementor-top-column elementor-element elementor-element-ab1b3a0\" data-id=\"ab1b3a0\" data-element_type=\"column\">\n\t\t\t<div class=\"elementor-widget-wrap elementor-element-populated\">\n\t\t\t\t\t\t\t\t<section class=\"elementor-section elementor-inner-section elementor-element elementor-element-49bdd51a elementor-section-boxed elementor-section-height-default elementor-section-height-default\" data-id=\"49bdd51a\" data-element_type=\"section\">\n\t\t\t\t\t\t<div class=\"elementor-container elementor-column-gap-default\">\n\t\t\t\t\t<div class=\"elementor-column elementor-col-50 elementor-inner-column elementor-element elementor-element-27b82d7\" data-id=\"27b82d7\" data-element_type=\"column\">\n\t\t\t<div class=\"elementor-widget-wrap elementor-element-populated\">\n\t\t\t\t\t\t\t\t<div class=\"elementor-element elementor-element-a28d8c animated-slow elementor-invisible elementor-widget elementor-widget-image\" data-id=\"a28d8c\" data-element_type=\"widget\" data-settings=\"{&quot;_animation&quot;:&quot;zoomIn&quot;}\" data-widget_type=\"image.default\">\n\t\t\t\t<div class=\"elementor-widget-container\">\n\t\t\t<style>\/*! elementor - v3.15.0 - 20-08-2023 *\/\n.elementor-widget-image{text-align:center}.elementor-widget-image a{display:inline-block}.elementor-widget-image a img[src$=\".svg\"]{width:48px}.elementor-widget-image img{vertical-align:middle;display:inline-block}<\/style>\t\t\t\t\t\t\t\t\t\t\t\t<img loading=\"lazy\" decoding=\"async\" width=\"800\" height=\"572\" src=\"https:\/\/legalia-ks.com\/wp-content\/uploads\/2021\/11\/taksat-1024x732.jpg\" class=\"attachment-large size-large wp-image-217\" alt=\"\" srcset=\"https:\/\/legalia-ks.com\/wp-content\/uploads\/2021\/11\/taksat-1024x732.jpg 1024w, https:\/\/legalia-ks.com\/wp-content\/uploads\/2021\/11\/taksat-300x214.jpg 300w, https:\/\/legalia-ks.com\/wp-content\/uploads\/2021\/11\/taksat-768x549.jpg 768w, https:\/\/legalia-ks.com\/wp-content\/uploads\/2021\/11\/taksat-1536x1097.jpg 1536w, https:\/\/legalia-ks.com\/wp-content\/uploads\/2021\/11\/taksat.jpg 2048w\" sizes=\"auto, (max-width: 800px) 100vw, 800px\" \/>\t\t\t\t\t\t\t\t\t\t\t\t\t\t\t<\/div>\n\t\t\t\t<\/div>\n\t\t\t\t\t<\/div>\n\t\t<\/div>\n\t\t\t\t<div class=\"elementor-column elementor-col-50 elementor-inner-column elementor-element elementor-element-7dcff2af\" data-id=\"7dcff2af\" data-element_type=\"column\">\n\t\t\t<div class=\"elementor-widget-wrap elementor-element-populated\">\n\t\t\t\t\t\t\t\t<div class=\"elementor-element elementor-element-398c7c6a animated-slow elementor-invisible elementor-widget elementor-widget-heading\" data-id=\"398c7c6a\" data-element_type=\"widget\" data-settings=\"{&quot;_animation&quot;:&quot;fadeIn&quot;}\" data-widget_type=\"heading.default\">\n\t\t\t\t<div class=\"elementor-widget-container\">\n\t\t\t<style>\/*! elementor - v3.15.0 - 20-08-2023 *\/\n.elementor-heading-title{padding:0;margin:0;line-height:1}.elementor-widget-heading .elementor-heading-title[class*=elementor-size-]>a{color:inherit;font-size:inherit;line-height:inherit}.elementor-widget-heading .elementor-heading-title.elementor-size-small{font-size:15px}.elementor-widget-heading .elementor-heading-title.elementor-size-medium{font-size:19px}.elementor-widget-heading .elementor-heading-title.elementor-size-large{font-size:29px}.elementor-widget-heading .elementor-heading-title.elementor-size-xl{font-size:39px}.elementor-widget-heading .elementor-heading-title.elementor-size-xxl{font-size:59px}<\/style><h1 class=\"elementor-heading-title elementor-size-default\">Taxes and Customs<\/h1>\t\t<\/div>\n\t\t\t\t<\/div>\n\t\t\t\t<div class=\"elementor-element elementor-element-3631656d elementor-invisible elementor-widget elementor-widget-text-editor\" data-id=\"3631656d\" data-element_type=\"widget\" data-settings=\"{&quot;_animation&quot;:&quot;fadeIn&quot;}\" data-widget_type=\"text-editor.default\">\n\t\t\t\t<div class=\"elementor-widget-container\">\n\t\t\t<style>\/*! elementor - v3.15.0 - 20-08-2023 *\/\n.elementor-widget-text-editor.elementor-drop-cap-view-stacked .elementor-drop-cap{background-color:#69727d;color:#fff}.elementor-widget-text-editor.elementor-drop-cap-view-framed .elementor-drop-cap{color:#69727d;border:3px solid;background-color:transparent}.elementor-widget-text-editor:not(.elementor-drop-cap-view-default) .elementor-drop-cap{margin-top:8px}.elementor-widget-text-editor:not(.elementor-drop-cap-view-default) .elementor-drop-cap-letter{width:1em;height:1em}.elementor-widget-text-editor .elementor-drop-cap{float:left;text-align:center;line-height:1;font-size:50px}.elementor-widget-text-editor .elementor-drop-cap-letter{display:inline-block}<\/style>\t\t\t\t<p>Tax and customs issues are often challenging for any business, large or small. Tax and customs planning in the legal sense is a special and specific branch.<\/p><p>\u201cThe Legalia: law firm possesses the necessary training and experience in tax and customs matters to support our clients, from advising to dispute resolution strategy. Our office advises all aspects of tax and customs business. We provide comprehensive counseling and representation for our clients at the Kosovo Tax Administration Complaints Office and the Customs Complaints Office as an administrative level and we also provide professional representation based on practical experience representing tax and customs matters in the competent Courts.<\/p><div>\u00a0<\/div>\t\t\t\t\t\t<\/div>\n\t\t\t\t<\/div>\n\t\t\t\t\t<\/div>\n\t\t<\/div>\n\t\t\t\t\t\t\t<\/div>\n\t\t<\/section>\n\t\t\t\t\t<\/div>\n\t\t<\/div>\n\t\t\t\t\t\t\t<\/div>\n\t\t<\/section>\n\t\t\t\t\t\t\t<\/div>","protected":false},"excerpt":{"rendered":"<p>Tatimet dhe Doganat \u00c7\u00ebshtjet tatimore dhe doganore shpesh her\u00eb jan\u00eb sfiduese p\u00ebr \u00e7do biznes, t\u00eb madh apo t\u00eb vog\u00ebl. Planifikimi\u00a0 tatimor e doganor n\u00eb kuptimin ligjor \u00ebsht\u00eb nj\u00eb deg\u00eb e ve\u00e7ant\u00eb dhe specifike. Zyra e avokatis\u00eb \u201cLegalia\u201d ka p\u00ebrgatitjen dhe p\u00ebrvoj\u00ebn e nevojshme n\u00eb \u00e7\u00ebshtjet tatimore e doganore p\u00ebr t\u2019i mb\u00ebshtetur klient\u00ebt tan\u00eb, nga k\u00ebshillimi [&hellip;]<\/p>","protected":false},"author":1,"featured_media":0,"parent":0,"menu_order":0,"comment_status":"closed","ping_status":"closed","template":"elementor_header_footer","meta":{"footnotes":""},"class_list":["post-215","page","type-page","status-publish","hentry"],"_links":{"self":[{"href":"https:\/\/legalia-ks.com\/en\/wp-json\/wp\/v2\/pages\/215","targetHints":{"allow":["GET"]}}],"collection":[{"href":"https:\/\/legalia-ks.com\/en\/wp-json\/wp\/v2\/pages"}],"about":[{"href":"https:\/\/legalia-ks.com\/en\/wp-json\/wp\/v2\/types\/page"}],"author":[{"embeddable":true,"href":"https:\/\/legalia-ks.com\/en\/wp-json\/wp\/v2\/users\/1"}],"replies":[{"embeddable":true,"href":"https:\/\/legalia-ks.com\/en\/wp-json\/wp\/v2\/comments?post=215"}],"version-history":[{"count":14,"href":"https:\/\/legalia-ks.com\/en\/wp-json\/wp\/v2\/pages\/215\/revisions"}],"predecessor-version":[{"id":967,"href":"https:\/\/legalia-ks.com\/en\/wp-json\/wp\/v2\/pages\/215\/revisions\/967"}],"wp:attachment":[{"href":"https:\/\/legalia-ks.com\/en\/wp-json\/wp\/v2\/media?parent=215"}],"curies":[{"name":"wp","href":"https:\/\/api.w.org\/{rel}","templated":true}]}}