{"id":210,"date":"2021-11-29T20:56:26","date_gmt":"2021-11-29T20:56:26","guid":{"rendered":"https:\/\/legalia-ks.com\/?page_id=210"},"modified":"2021-12-14T13:53:16","modified_gmt":"2021-12-14T13:53:16","slug":"punesimi","status":"publish","type":"page","link":"https:\/\/legalia-ks.com\/en\/punesimi\/","title":{"rendered":"Punesimi"},"content":{"rendered":"<div data-elementor-type=\"wp-page\" data-elementor-id=\"210\" class=\"elementor elementor-210\">\n\t\t\t\t\t\t\t\t\t<section class=\"elementor-section elementor-top-section elementor-element elementor-element-b4b5c elementor-section-boxed elementor-section-height-default elementor-section-height-default\" data-id=\"b4b5c\" data-element_type=\"section\" data-settings=\"{&quot;background_background&quot;:&quot;classic&quot;}\">\n\t\t\t\t\t\t<div class=\"elementor-container elementor-column-gap-default\">\n\t\t\t\t\t<div class=\"elementor-column elementor-col-100 elementor-top-column elementor-element elementor-element-7cf9678d\" data-id=\"7cf9678d\" data-element_type=\"column\">\n\t\t\t<div class=\"elementor-widget-wrap elementor-element-populated\">\n\t\t\t\t\t\t\t\t<section class=\"elementor-section elementor-inner-section elementor-element elementor-element-3c4ecec elementor-section-boxed elementor-section-height-default elementor-section-height-default\" data-id=\"3c4ecec\" data-element_type=\"section\">\n\t\t\t\t\t\t<div class=\"elementor-container elementor-column-gap-default\">\n\t\t\t\t\t<div class=\"elementor-column elementor-col-50 elementor-inner-column elementor-element elementor-element-217f8932\" data-id=\"217f8932\" data-element_type=\"column\">\n\t\t\t<div class=\"elementor-widget-wrap elementor-element-populated\">\n\t\t\t\t\t\t\t\t<div class=\"elementor-element elementor-element-445a73fa animated-slow elementor-invisible elementor-widget elementor-widget-image\" data-id=\"445a73fa\" data-element_type=\"widget\" data-settings=\"{&quot;_animation&quot;:&quot;zoomIn&quot;}\" data-widget_type=\"image.default\">\n\t\t\t\t<div class=\"elementor-widget-container\">\n\t\t\t<style>\/*! elementor - v3.15.0 - 20-08-2023 *\/\n.elementor-widget-image{text-align:center}.elementor-widget-image a{display:inline-block}.elementor-widget-image a img[src$=\".svg\"]{width:48px}.elementor-widget-image img{vertical-align:middle;display:inline-block}<\/style>\t\t\t\t\t\t\t\t\t\t\t\t<img loading=\"lazy\" decoding=\"async\" width=\"800\" height=\"659\" src=\"https:\/\/legalia-ks.com\/wp-content\/uploads\/2021\/11\/punesimi-1024x844.jpg\" class=\"attachment-large size-large wp-image-262\" alt=\"\" srcset=\"https:\/\/legalia-ks.com\/wp-content\/uploads\/2021\/11\/punesimi-1024x844.jpg 1024w, https:\/\/legalia-ks.com\/wp-content\/uploads\/2021\/11\/punesimi-300x247.jpg 300w, https:\/\/legalia-ks.com\/wp-content\/uploads\/2021\/11\/punesimi-768x633.jpg 768w, https:\/\/legalia-ks.com\/wp-content\/uploads\/2021\/11\/punesimi.jpg 1136w\" sizes=\"auto, (max-width: 800px) 100vw, 800px\" \/>\t\t\t\t\t\t\t\t\t\t\t\t\t\t\t<\/div>\n\t\t\t\t<\/div>\n\t\t\t\t\t<\/div>\n\t\t<\/div>\n\t\t\t\t<div class=\"elementor-column elementor-col-50 elementor-inner-column elementor-element elementor-element-7ca0923b\" data-id=\"7ca0923b\" data-element_type=\"column\">\n\t\t\t<div class=\"elementor-widget-wrap elementor-element-populated\">\n\t\t\t\t\t\t\t\t<div class=\"elementor-element elementor-element-d530089 animated-slow elementor-invisible elementor-widget elementor-widget-heading\" data-id=\"d530089\" data-element_type=\"widget\" data-settings=\"{&quot;_animation&quot;:&quot;fadeIn&quot;}\" data-widget_type=\"heading.default\">\n\t\t\t\t<div class=\"elementor-widget-container\">\n\t\t\t<style>\/*! elementor - v3.15.0 - 20-08-2023 *\/\n.elementor-heading-title{padding:0;margin:0;line-height:1}.elementor-widget-heading .elementor-heading-title[class*=elementor-size-]>a{color:inherit;font-size:inherit;line-height:inherit}.elementor-widget-heading .elementor-heading-title.elementor-size-small{font-size:15px}.elementor-widget-heading .elementor-heading-title.elementor-size-medium{font-size:19px}.elementor-widget-heading .elementor-heading-title.elementor-size-large{font-size:29px}.elementor-widget-heading .elementor-heading-title.elementor-size-xl{font-size:39px}.elementor-widget-heading .elementor-heading-title.elementor-size-xxl{font-size:59px}<\/style><h1 class=\"elementor-heading-title elementor-size-default\">Employment<\/h1>\t\t<\/div>\n\t\t\t\t<\/div>\n\t\t\t\t<div class=\"elementor-element elementor-element-6fcd993d elementor-invisible elementor-widget elementor-widget-text-editor\" data-id=\"6fcd993d\" data-element_type=\"widget\" data-settings=\"{&quot;_animation&quot;:&quot;fadeIn&quot;}\" data-widget_type=\"text-editor.default\">\n\t\t\t\t<div class=\"elementor-widget-container\">\n\t\t\t<style>\/*! elementor - v3.15.0 - 20-08-2023 *\/\n.elementor-widget-text-editor.elementor-drop-cap-view-stacked .elementor-drop-cap{background-color:#69727d;color:#fff}.elementor-widget-text-editor.elementor-drop-cap-view-framed .elementor-drop-cap{color:#69727d;border:3px solid;background-color:transparent}.elementor-widget-text-editor:not(.elementor-drop-cap-view-default) .elementor-drop-cap{margin-top:8px}.elementor-widget-text-editor:not(.elementor-drop-cap-view-default) .elementor-drop-cap-letter{width:1em;height:1em}.elementor-widget-text-editor .elementor-drop-cap{float:left;text-align:center;line-height:1;font-size:50px}.elementor-widget-text-editor .elementor-drop-cap-letter{display:inline-block}<\/style>\t\t\t\t<p>An important segment in business development are also the employment relations between the employer and the employee. It is very important to emphasize that in order to have a sound legal relationship between the employer and the employee, all the provisions of the employment contract that derive from the Labor Law must be applied, as well as other regulations that settle the field of employment.&nbsp; &nbsp;<\/p>\n<p>&nbsp;The law office \"Legalia\" offers consulting and drafting of all employment legal acts starting from the employment contract, internal acts of the employer, union regulations, then the conduct of disciplinary proceedings also our office provides professional representation based on practical experience representation of labor disputes in the competent Courts.<\/p>\n<div>&nbsp;<\/div>\t\t\t\t\t\t<\/div>\n\t\t\t\t<\/div>\n\t\t\t\t\t<\/div>\n\t\t<\/div>\n\t\t\t\t\t\t\t<\/div>\n\t\t<\/section>\n\t\t\t\t\t<\/div>\n\t\t<\/div>\n\t\t\t\t\t\t\t<\/div>\n\t\t<\/section>\n\t\t\t\t\t\t\t<\/div>","protected":false},"excerpt":{"rendered":"<p>Pun\u00ebsimi \u00cbsht\u00eb shum\u00eb e r\u00ebnd\u00ebsishme t\u00eb theksohet se p\u00ebr t\u00eb pasur nj\u00eb raport juridik t\u00eb sh\u00ebndosh n\u00eb mes t\u00eb pun\u00ebdh\u00ebn\u00ebsit dhe pun\u00ebtorit duhet zbatuar t\u00eb gjitha dispoziatat e kontrat\u00ebs s\u00eb pun\u00ebs q\u00eb derivojn\u00eb nga Ligji i pun\u00ebs por edhe aktet e tjera n\u00ebnligjore q\u00eb rregullojn\u00eb fush\u00ebn e pun\u00ebsimit.&nbsp; &nbsp; &nbsp;Zyra e avokatis\u00eb \u201cLegalia\u201d ofron konsulenc\u00ebn [&hellip;]<\/p>","protected":false},"author":1,"featured_media":0,"parent":0,"menu_order":0,"comment_status":"closed","ping_status":"closed","template":"elementor_header_footer","meta":{"footnotes":""},"class_list":["post-210","page","type-page","status-publish","hentry"],"_links":{"self":[{"href":"https:\/\/legalia-ks.com\/en\/wp-json\/wp\/v2\/pages\/210","targetHints":{"allow":["GET"]}}],"collection":[{"href":"https:\/\/legalia-ks.com\/en\/wp-json\/wp\/v2\/pages"}],"about":[{"href":"https:\/\/legalia-ks.com\/en\/wp-json\/wp\/v2\/types\/page"}],"author":[{"embeddable":true,"href":"https:\/\/legalia-ks.com\/en\/wp-json\/wp\/v2\/users\/1"}],"replies":[{"embeddable":true,"href":"https:\/\/legalia-ks.com\/en\/wp-json\/wp\/v2\/comments?post=210"}],"version-history":[{"count":20,"href":"https:\/\/legalia-ks.com\/en\/wp-json\/wp\/v2\/pages\/210\/revisions"}],"predecessor-version":[{"id":976,"href":"https:\/\/legalia-ks.com\/en\/wp-json\/wp\/v2\/pages\/210\/revisions\/976"}],"wp:attachment":[{"href":"https:\/\/legalia-ks.com\/en\/wp-json\/wp\/v2\/media?parent=210"}],"curies":[{"name":"wp","href":"https:\/\/api.w.org\/{rel}","templated":true}]}}