{"id":193,"date":"2021-11-29T20:52:14","date_gmt":"2021-11-29T20:52:14","guid":{"rendered":"https:\/\/legalia-ks.com\/?page_id=193"},"modified":"2021-12-14T13:51:06","modified_gmt":"2021-12-14T13:51:06","slug":"sigurimet","status":"publish","type":"page","link":"https:\/\/legalia-ks.com\/en\/sigurimet\/","title":{"rendered":""},"content":{"rendered":"<div data-elementor-type=\"wp-page\" data-elementor-id=\"193\" class=\"elementor elementor-193\">\n\t\t\t\t\t\t\t\t\t<section class=\"elementor-section elementor-top-section elementor-element elementor-element-1c963572 elementor-section-boxed elementor-section-height-default elementor-section-height-default\" data-id=\"1c963572\" data-element_type=\"section\" data-settings=\"{&quot;background_background&quot;:&quot;classic&quot;}\">\n\t\t\t\t\t\t<div class=\"elementor-container elementor-column-gap-default\">\n\t\t\t\t\t<div class=\"elementor-column elementor-col-100 elementor-top-column elementor-element elementor-element-6f7fa1d9\" data-id=\"6f7fa1d9\" data-element_type=\"column\">\n\t\t\t<div class=\"elementor-widget-wrap elementor-element-populated\">\n\t\t\t\t\t\t\t\t<section class=\"elementor-section elementor-inner-section elementor-element elementor-element-b0cd305 elementor-section-boxed elementor-section-height-default elementor-section-height-default\" data-id=\"b0cd305\" data-element_type=\"section\">\n\t\t\t\t\t\t<div class=\"elementor-container elementor-column-gap-default\">\n\t\t\t\t\t<div class=\"elementor-column elementor-col-50 elementor-inner-column elementor-element elementor-element-17a84c23\" data-id=\"17a84c23\" data-element_type=\"column\">\n\t\t\t<div class=\"elementor-widget-wrap elementor-element-populated\">\n\t\t\t\t\t\t\t\t<div class=\"elementor-element elementor-element-2739c9ae animated-slow elementor-invisible elementor-widget elementor-widget-image\" data-id=\"2739c9ae\" data-element_type=\"widget\" data-settings=\"{&quot;_animation&quot;:&quot;zoomIn&quot;}\" data-widget_type=\"image.default\">\n\t\t\t\t<div class=\"elementor-widget-container\">\n\t\t\t<style>\/*! elementor - v3.15.0 - 20-08-2023 *\/\n.elementor-widget-image{text-align:center}.elementor-widget-image a{display:inline-block}.elementor-widget-image a img[src$=\".svg\"]{width:48px}.elementor-widget-image img{vertical-align:middle;display:inline-block}<\/style>\t\t\t\t\t\t\t\t\t\t\t\t<img loading=\"lazy\" decoding=\"async\" width=\"800\" height=\"582\" src=\"https:\/\/legalia-ks.com\/wp-content\/uploads\/2021\/12\/insurance.jpg\" class=\"attachment-large size-large wp-image-443\" alt=\"\" srcset=\"https:\/\/legalia-ks.com\/wp-content\/uploads\/2021\/12\/insurance.jpg 1000w, https:\/\/legalia-ks.com\/wp-content\/uploads\/2021\/12\/insurance-300x218.jpg 300w, https:\/\/legalia-ks.com\/wp-content\/uploads\/2021\/12\/insurance-768x558.jpg 768w\" sizes=\"auto, (max-width: 800px) 100vw, 800px\" \/>\t\t\t\t\t\t\t\t\t\t\t\t\t\t\t<\/div>\n\t\t\t\t<\/div>\n\t\t\t\t\t<\/div>\n\t\t<\/div>\n\t\t\t\t<div class=\"elementor-column elementor-col-50 elementor-inner-column elementor-element elementor-element-5c17480c\" data-id=\"5c17480c\" data-element_type=\"column\">\n\t\t\t<div class=\"elementor-widget-wrap elementor-element-populated\">\n\t\t\t\t\t\t\t\t<div class=\"elementor-element elementor-element-46ce32ca animated-slow elementor-invisible elementor-widget elementor-widget-heading\" data-id=\"46ce32ca\" data-element_type=\"widget\" data-settings=\"{&quot;_animation&quot;:&quot;fadeIn&quot;}\" data-widget_type=\"heading.default\">\n\t\t\t\t<div class=\"elementor-widget-container\">\n\t\t\t<style>\/*! elementor - v3.15.0 - 20-08-2023 *\/\n.elementor-heading-title{padding:0;margin:0;line-height:1}.elementor-widget-heading .elementor-heading-title[class*=elementor-size-]>a{color:inherit;font-size:inherit;line-height:inherit}.elementor-widget-heading .elementor-heading-title.elementor-size-small{font-size:15px}.elementor-widget-heading .elementor-heading-title.elementor-size-medium{font-size:19px}.elementor-widget-heading .elementor-heading-title.elementor-size-large{font-size:29px}.elementor-widget-heading .elementor-heading-title.elementor-size-xl{font-size:39px}.elementor-widget-heading .elementor-heading-title.elementor-size-xxl{font-size:59px}<\/style><h1 class=\"elementor-heading-title elementor-size-default\">Insurance<\/h1>\t\t<\/div>\n\t\t\t\t<\/div>\n\t\t\t\t<div class=\"elementor-element elementor-element-608723cc elementor-invisible elementor-widget elementor-widget-text-editor\" data-id=\"608723cc\" data-element_type=\"widget\" data-settings=\"{&quot;_animation&quot;:&quot;fadeIn&quot;}\" data-widget_type=\"text-editor.default\">\n\t\t\t\t<div class=\"elementor-widget-container\">\n\t\t\t<style>\/*! elementor - v3.15.0 - 20-08-2023 *\/\n.elementor-widget-text-editor.elementor-drop-cap-view-stacked .elementor-drop-cap{background-color:#69727d;color:#fff}.elementor-widget-text-editor.elementor-drop-cap-view-framed .elementor-drop-cap{color:#69727d;border:3px solid;background-color:transparent}.elementor-widget-text-editor:not(.elementor-drop-cap-view-default) .elementor-drop-cap{margin-top:8px}.elementor-widget-text-editor:not(.elementor-drop-cap-view-default) .elementor-drop-cap-letter{width:1em;height:1em}.elementor-widget-text-editor .elementor-drop-cap{float:left;text-align:center;line-height:1;font-size:50px}.elementor-widget-text-editor .elementor-drop-cap-letter{display:inline-block}<\/style>\t\t\t\t<p>Businesses invest a part of their investment in insurance, and that in car insurance, property insurance, business insurance, health insurance but also other insurance products. When contracting insurance policies, for businesses but also for individuals, it is important to clarify the legal conditions of insurance, in what cases the damage is compensated and in what cases is not compensated. It often happens that legal situations arise when the contracting parties can not agree with each other and have conflicting legal assessments where usually these cases end up in the competent Court to be resolved.\u00a0<\/p><p>The law office \"Legalia\" provides consultancy initially in assigning and clearly defining your rights and obligations regarding the insurance policies that you contract. Our office also provides professional representation based on practical experience in competent courts for business and individuals in matters of vehicle insurance, property insurance, business insurance, health insurance and other insurance cases.<\/p><div>\u00a0<\/div>\t\t\t\t\t\t<\/div>\n\t\t\t\t<\/div>\n\t\t\t\t\t<\/div>\n\t\t<\/div>\n\t\t\t\t\t\t\t<\/div>\n\t\t<\/section>\n\t\t\t\t\t<\/div>\n\t\t<\/div>\n\t\t\t\t\t\t\t<\/div>\n\t\t<\/section>\n\t\t\t\t\t\t\t<\/div>","protected":false},"excerpt":{"rendered":"<p>Sigurimet Bizneset, nj\u00eb pjes\u00eb t\u00eb investimit t\u00eb tyre e investojn\u00eb n\u00eb sigurime dhe at\u00eb n\u00eb sigurim t\u00eb automjeteve, sigurim t\u00eb pron\u00ebs, sigurim t\u00eb biznesit, sigurim sh\u00ebndet\u00ebsor por edhe produkte tjera t\u00eb sigurimeve. Gjat\u00eb kontraktimit t\u00eb polisave t\u00eb sigurimit, p\u00ebr bizneset por edhe p\u00ebr individ\u00ebt, \u00ebsht\u00eb e r\u00ebnd\u00ebsishme t\u00eb sqarohen kushtet ligjore t\u00eb sigurimeve se n\u00eb [&hellip;]<\/p>","protected":false},"author":1,"featured_media":0,"parent":0,"menu_order":0,"comment_status":"closed","ping_status":"closed","template":"","meta":{"footnotes":""},"class_list":["post-193","page","type-page","status-publish","hentry"],"_links":{"self":[{"href":"https:\/\/legalia-ks.com\/en\/wp-json\/wp\/v2\/pages\/193","targetHints":{"allow":["GET"]}}],"collection":[{"href":"https:\/\/legalia-ks.com\/en\/wp-json\/wp\/v2\/pages"}],"about":[{"href":"https:\/\/legalia-ks.com\/en\/wp-json\/wp\/v2\/types\/page"}],"author":[{"embeddable":true,"href":"https:\/\/legalia-ks.com\/en\/wp-json\/wp\/v2\/users\/1"}],"replies":[{"embeddable":true,"href":"https:\/\/legalia-ks.com\/en\/wp-json\/wp\/v2\/comments?post=193"}],"version-history":[{"count":31,"href":"https:\/\/legalia-ks.com\/en\/wp-json\/wp\/v2\/pages\/193\/revisions"}],"predecessor-version":[{"id":973,"href":"https:\/\/legalia-ks.com\/en\/wp-json\/wp\/v2\/pages\/193\/revisions\/973"}],"wp:attachment":[{"href":"https:\/\/legalia-ks.com\/en\/wp-json\/wp\/v2\/media?parent=193"}],"curies":[{"name":"wp","href":"https:\/\/api.w.org\/{rel}","templated":true}]}}