{"id":159,"date":"2021-11-29T19:58:28","date_gmt":"2021-11-29T19:58:28","guid":{"rendered":"https:\/\/legalia-ks.com\/?page_id=159"},"modified":"2021-12-14T13:43:17","modified_gmt":"2021-12-14T13:43:17","slug":"raportet-kontraktore","status":"publish","type":"page","link":"https:\/\/legalia-ks.com\/en\/raportet-kontraktore\/","title":{"rendered":"Contractual Reports"},"content":{"rendered":"<div data-elementor-type=\"wp-page\" data-elementor-id=\"159\" class=\"elementor elementor-159\">\n\t\t\t\t\t\t\t\t\t<section class=\"elementor-section elementor-top-section elementor-element elementor-element-61afb596 elementor-section-boxed elementor-section-height-default elementor-section-height-default\" data-id=\"61afb596\" data-element_type=\"section\">\n\t\t\t\t\t\t<div class=\"elementor-container elementor-column-gap-no\">\n\t\t\t\t\t<div class=\"elementor-column elementor-col-100 elementor-top-column elementor-element elementor-element-62f091e2\" data-id=\"62f091e2\" data-element_type=\"column\">\n\t\t\t<div class=\"elementor-widget-wrap elementor-element-populated\">\n\t\t\t\t\t\t\t\t\t<\/div>\n\t\t<\/div>\n\t\t\t\t\t\t\t<\/div>\n\t\t<\/section>\n\t\t\t\t<section class=\"elementor-section elementor-top-section elementor-element elementor-element-1b60c238 elementor-section-boxed elementor-section-height-default elementor-section-height-default\" data-id=\"1b60c238\" data-element_type=\"section\" data-settings=\"{&quot;background_background&quot;:&quot;classic&quot;}\">\n\t\t\t\t\t\t<div class=\"elementor-container elementor-column-gap-default\">\n\t\t\t\t\t<div class=\"elementor-column elementor-col-100 elementor-top-column elementor-element elementor-element-9085e43\" data-id=\"9085e43\" data-element_type=\"column\">\n\t\t\t<div class=\"elementor-widget-wrap\">\n\t\t\t\t\t\t\t\t\t<\/div>\n\t\t<\/div>\n\t\t\t\t\t\t\t<\/div>\n\t\t<\/section>\n\t\t\t\t<section class=\"elementor-section elementor-top-section elementor-element elementor-element-7d3441a7 elementor-section-boxed elementor-section-height-default elementor-section-height-default\" data-id=\"7d3441a7\" data-element_type=\"section\" data-settings=\"{&quot;background_background&quot;:&quot;classic&quot;}\">\n\t\t\t\t\t\t<div class=\"elementor-container elementor-column-gap-default\">\n\t\t\t\t\t<div class=\"elementor-column elementor-col-100 elementor-top-column elementor-element elementor-element-705fa94b\" data-id=\"705fa94b\" data-element_type=\"column\">\n\t\t\t<div class=\"elementor-widget-wrap elementor-element-populated\">\n\t\t\t\t\t\t\t\t<section class=\"elementor-section elementor-inner-section elementor-element elementor-element-6face246 elementor-section-boxed elementor-section-height-default elementor-section-height-default\" data-id=\"6face246\" data-element_type=\"section\">\n\t\t\t\t\t\t<div class=\"elementor-container elementor-column-gap-default\">\n\t\t\t\t\t<div class=\"elementor-column elementor-col-50 elementor-inner-column elementor-element elementor-element-bc7f324\" data-id=\"bc7f324\" data-element_type=\"column\">\n\t\t\t<div class=\"elementor-widget-wrap elementor-element-populated\">\n\t\t\t\t\t\t\t\t<div class=\"elementor-element elementor-element-2669404b animated-slow elementor-invisible elementor-widget elementor-widget-image\" data-id=\"2669404b\" data-element_type=\"widget\" data-settings=\"{&quot;_animation&quot;:&quot;zoomIn&quot;}\" data-widget_type=\"image.default\">\n\t\t\t\t<div class=\"elementor-widget-container\">\n\t\t\t<style>\/*! elementor - v3.15.0 - 20-08-2023 *\/\n.elementor-widget-image{text-align:center}.elementor-widget-image a{display:inline-block}.elementor-widget-image a img[src$=\".svg\"]{width:48px}.elementor-widget-image img{vertical-align:middle;display:inline-block}<\/style>\t\t\t\t\t\t\t\t\t\t\t\t<img loading=\"lazy\" decoding=\"async\" width=\"630\" height=\"354\" src=\"https:\/\/legalia-ks.com\/wp-content\/uploads\/2021\/12\/kontrata.jpg\" class=\"attachment-large size-large wp-image-439\" alt=\"\" srcset=\"https:\/\/legalia-ks.com\/wp-content\/uploads\/2021\/12\/kontrata.jpg 630w, https:\/\/legalia-ks.com\/wp-content\/uploads\/2021\/12\/kontrata-300x169.jpg 300w\" sizes=\"auto, (max-width: 630px) 100vw, 630px\" \/>\t\t\t\t\t\t\t\t\t\t\t\t\t\t\t<\/div>\n\t\t\t\t<\/div>\n\t\t\t\t\t<\/div>\n\t\t<\/div>\n\t\t\t\t<div class=\"elementor-column elementor-col-50 elementor-inner-column elementor-element elementor-element-6506d71a\" data-id=\"6506d71a\" data-element_type=\"column\">\n\t\t\t<div class=\"elementor-widget-wrap elementor-element-populated\">\n\t\t\t\t\t\t\t\t<div class=\"elementor-element elementor-element-4dae0921 animated-slow elementor-invisible elementor-widget elementor-widget-heading\" data-id=\"4dae0921\" data-element_type=\"widget\" data-settings=\"{&quot;_animation&quot;:&quot;fadeIn&quot;}\" data-widget_type=\"heading.default\">\n\t\t\t\t<div class=\"elementor-widget-container\">\n\t\t\t<style>\/*! elementor - v3.15.0 - 20-08-2023 *\/\n.elementor-heading-title{padding:0;margin:0;line-height:1}.elementor-widget-heading .elementor-heading-title[class*=elementor-size-]>a{color:inherit;font-size:inherit;line-height:inherit}.elementor-widget-heading .elementor-heading-title.elementor-size-small{font-size:15px}.elementor-widget-heading .elementor-heading-title.elementor-size-medium{font-size:19px}.elementor-widget-heading .elementor-heading-title.elementor-size-large{font-size:29px}.elementor-widget-heading .elementor-heading-title.elementor-size-xl{font-size:39px}.elementor-widget-heading .elementor-heading-title.elementor-size-xxl{font-size:59px}<\/style><h1 class=\"elementor-heading-title elementor-size-default\">Contractual Reports<\/h1>\t\t<\/div>\n\t\t\t\t<\/div>\n\t\t\t\t<div class=\"elementor-element elementor-element-8337524 elementor-invisible elementor-widget elementor-widget-text-editor\" data-id=\"8337524\" data-element_type=\"widget\" data-settings=\"{&quot;_animation&quot;:&quot;fadeIn&quot;}\" data-widget_type=\"text-editor.default\">\n\t\t\t\t<div class=\"elementor-widget-container\">\n\t\t\t<style>\/*! elementor - v3.15.0 - 20-08-2023 *\/\n.elementor-widget-text-editor.elementor-drop-cap-view-stacked .elementor-drop-cap{background-color:#69727d;color:#fff}.elementor-widget-text-editor.elementor-drop-cap-view-framed .elementor-drop-cap{color:#69727d;border:3px solid;background-color:transparent}.elementor-widget-text-editor:not(.elementor-drop-cap-view-default) .elementor-drop-cap{margin-top:8px}.elementor-widget-text-editor:not(.elementor-drop-cap-view-default) .elementor-drop-cap-letter{width:1em;height:1em}.elementor-widget-text-editor .elementor-drop-cap{float:left;text-align:center;line-height:1;font-size:50px}.elementor-widget-text-editor .elementor-drop-cap-letter{display:inline-block}<\/style>\t\t\t\t<p>Signing contracts between businesses and citizens nowadays has become a necessity for legal security. It is extremely important for businesses, investors and contractors to have skilled legal counselors who can help address any legal issues that may arise. In our office the lawyers but also our partners have the ability and experience to help you research the legal issues of the contract. Whether you are seeking help with a contract, regulatory compliance or legal advice, our office is ready to help you get through your situation quickly and efficiently. We put all your needs and goals at the top of our practice.\n\nSigning contracts between businesses and citizens nowadays has become a necessity for legal security. It is extremely important for businesses, investors and contractors to have skilled legal counselors who can help address any legal issues that may arise. In our office the lawyers but also our partners have the ability and experience to help you research the legal issues of the contract. Whether you are seeking help with a contract, regulatory compliance or legal advice, our office is ready to help you get through your situation quickly and efficiently. We put all your needs and goals at the top of our practice.<\/p><p>The law office \"Legalia\" has represented numerous businesses in the Courts due to violations of contractual provisions. With our experience, we are more than capable of handling complex contractual disputes and other legal issues of your business. If another party has failed to meet their contractual obligations, or has material claims against you, contact our office and get the legal protection you need to protect your best interests!<\/p><p>\u00a0<\/p>\t\t\t\t\t\t<\/div>\n\t\t\t\t<\/div>\n\t\t\t\t\t<\/div>\n\t\t<\/div>\n\t\t\t\t\t\t\t<\/div>\n\t\t<\/section>\n\t\t\t\t\t<\/div>\n\t\t<\/div>\n\t\t\t\t\t\t\t<\/div>\n\t\t<\/section>\n\t\t\t\t\t\t\t<\/div>","protected":false},"excerpt":{"rendered":"<p>Raportet Kontraktore Lidhja e kontrat\u00ebs n\u00eb mes t\u00eb bizneseve dhe qytetar\u00ebve n\u00eb dit\u00ebt tona \u00ebsht\u00eb b\u00ebr\u00eb nj\u00eb domosdoshm\u00ebri p\u00ebr sigurin\u00eb juridike. \u00cbsht\u00eb jasht\u00ebzakonisht e r\u00ebnd\u00ebsishme p\u00ebr bizneset, investitor\u00ebt dhe kontraktor\u00ebt q\u00eb t\u00eb ken\u00eb k\u00ebshilltar\u00eb ligjor\u00eb t\u00eb aft\u00eb, q\u00eb mund t\u00eb ndihmojn\u00eb n\u00eb trajtimin e \u00e7\u00ebshtjeve ligjore, q\u00eb mund t\u00eb lindin. N\u00eb zyren ton\u00eb avokat\u00ebt, por [&hellip;]<\/p>","protected":false},"author":1,"featured_media":0,"parent":0,"menu_order":0,"comment_status":"closed","ping_status":"closed","template":"elementor_header_footer","meta":{"footnotes":""},"class_list":["post-159","page","type-page","status-publish","hentry"],"_links":{"self":[{"href":"https:\/\/legalia-ks.com\/en\/wp-json\/wp\/v2\/pages\/159","targetHints":{"allow":["GET"]}}],"collection":[{"href":"https:\/\/legalia-ks.com\/en\/wp-json\/wp\/v2\/pages"}],"about":[{"href":"https:\/\/legalia-ks.com\/en\/wp-json\/wp\/v2\/types\/page"}],"author":[{"embeddable":true,"href":"https:\/\/legalia-ks.com\/en\/wp-json\/wp\/v2\/users\/1"}],"replies":[{"embeddable":true,"href":"https:\/\/legalia-ks.com\/en\/wp-json\/wp\/v2\/comments?post=159"}],"version-history":[{"count":34,"href":"https:\/\/legalia-ks.com\/en\/wp-json\/wp\/v2\/pages\/159\/revisions"}],"predecessor-version":[{"id":964,"href":"https:\/\/legalia-ks.com\/en\/wp-json\/wp\/v2\/pages\/159\/revisions\/964"}],"wp:attachment":[{"href":"https:\/\/legalia-ks.com\/en\/wp-json\/wp\/v2\/media?parent=159"}],"curies":[{"name":"wp","href":"https:\/\/api.w.org\/{rel}","templated":true}]}}